{"id":15,"date":"2016-04-06T16:54:03","date_gmt":"2016-04-06T15:54:03","guid":{"rendered":"http:\/\/trundholm.org\/silvanus\/?page_id=15"},"modified":"2025-12-21T18:31:01","modified_gmt":"2025-12-21T17:31:01","slug":"services","status":"publish","type":"page","link":"https:\/\/www.wildwoodtreecare.com\/fr\/services\/","title":{"rendered":"Services"},"content":{"rendered":"\n<p><strong>WILDWOOD <\/strong>fournit tous les aspects du travail arboricole moderne, ex\u00e9cut\u00e9 de mani\u00e8re experte et professionnelle, avec le plus grand engagement envers la qualit\u00e9 du travail et la s\u00e9curit\u00e9.<\/p>\n\n\n\n<p><strong>Wildwood <\/strong>a plus de 25 ans d&rsquo;exp\u00e9rience professionnelle dans l&rsquo;industrie. Au fil des ans, <strong>Wildwood <\/strong>a d\u00e9velopp\u00e9 une sp\u00e9cialit\u00e9 pour travailler sur de grands arbres dans les situations les plus difficiles et les plus dangereuses. D&rsquo;une <em>r\u00e9duction de la couronne<\/em> sensible d&rsquo;un <em>arbre ancien<\/em> prot\u00e9g\u00e9 et tr\u00e8s appr\u00e9ci\u00e9 \u00e0 l&rsquo;enl\u00e8vement en toute s\u00e9curit\u00e9 d&rsquo;un grand arbre endommag\u00e9 par la temp\u00eate qui est tomb\u00e9 sur un b\u00e2timent. <strong>Wildwood <\/strong>poss\u00e8de les connaissances, les comp\u00e9tences et l&rsquo;exp\u00e9rience d&rsquo;expert pour entreprendre tous les travaux d&rsquo;arbres au plus haut niveau, quelle que soit la taille de l&rsquo;arbre ou la difficult\u00e9 du travail \u00e0 entreprendre.<\/p>\n\n\n\n<h2 class=\"wp-block-heading\">\u00c9LAGAGE D&rsquo;ARBRES<\/h2>\n\n\n\n<p><em><strong>R\u00e9ductions de couronnes. \u00c9claircissage de couronnes. Remodelage. R\u00e9\u00e9quilibrage. Taille cibl\u00e9e.<\/strong><br><\/em>Les arbres sont taill\u00e9s pour diverses raisons&nbsp;: pour apporter plus de lumi\u00e8re dans un jardin ou une maison, pour r\u00e9duire les risques de dommages caus\u00e9s par les vents violents, pour am\u00e9liorer la vue. Toutes ces raisons peuvent \u00eatre obtenues gr\u00e2ce \u00e0 diverses techniques de taille modernes.<br>Il est important de comprendre comment les diff\u00e9rentes esp\u00e8ces d&rsquo;arbres poussent et r\u00e9agissent \u00e0 la taille.<br>Le r\u00e9sultat final doit pr\u00e9server l&rsquo;esth\u00e9tique naturelle et la valeur intrins\u00e8que de l&rsquo;arbre.<\/p>\n\n\n\n<ul class=\"wp-block-list\">\n<li><strong><em><em><strong>R\u00e9ductions de couronnes<\/strong><\/em><\/em> <\/strong>&#8211; Pour r\u00e9duire la taille globale de la canop\u00e9e des arbres tout en conservant la beaut\u00e9 esth\u00e9tique et en respectant la forme naturelle des arbres.<\/li>\n\n\n\n<li><strong><em><em><strong>\u00c9claircissage de couronnes<\/strong><\/em><\/em><\/strong> &#8211; Pour r\u00e9duire les risques de dommages caus\u00e9s par les temp\u00eates en laissant passer les vents forts \u00e0 travers la canop\u00e9e, r\u00e9duisant ainsi la r\u00e9sistance au vent et le risque potentiel de d\u00e9faillance structurelle. Cette proc\u00e9dure permet \u00e9galement \u00e0 davantage de lumi\u00e8re de p\u00e9n\u00e9trer la canop\u00e9e et d&rsquo;atteindre le jardin.<\/li>\n\n\n\n<li><strong><em>Remodelage, r\u00e9\u00e9quilibrage et \u00e9lagage cibl\u00e9<\/em><\/strong> &#8211; Pour restaurer un arbre par une taille s\u00e9lective et minutieuse apr\u00e8s des dommages caus\u00e9s par une temp\u00eate, une maladie, la pourriture ou des m\u00e9thodes de taille incorrectes ant\u00e9rieures.<\/li>\n<\/ul>\n\n\n\n<h2 class=\"wp-block-heading\">ENL\u00c8VEMENT D&rsquo;ARBRES<\/h2>\n\n\n\n<p>L&rsquo;abattage <strong><em>contr\u00f4l\u00e9 et s\u00e9curis\u00e9<\/em><\/strong> de tout arbre consid\u00e9r\u00e9 comme suffisamment dangereux pour pr\u00e9senter un risque qualifi\u00e9 pour la vie ou les biens en raison d&rsquo;une d\u00e9faillance structurelle grave.<\/p>\n\n\n\n<p>Ces arbres, fragilis\u00e9s par les temp\u00eates, les maladies ou la pourriture, sont syst\u00e9matiquement <strong><em>d\u00e9mantel\u00e9s<\/em><\/strong> \u00e0 l&rsquo;aide de techniques modernes de gr\u00e9ement et de retenue par corde. L&rsquo;arbre est descendu en toute s\u00e9curit\u00e9, section par section. Quel que soit le danger ou la difficult\u00e9 d&rsquo;acc\u00e8s, la proximit\u00e9 des b\u00e2timents, des lignes t\u00e9l\u00e9phoniques, des c\u00e2bles \u00e9lectriques, des routes principales, des cl\u00f4tures et de toute autre structure, ainsi que des dangers potentiels, est soigneusement \u00e9vit\u00e9e. Tout arbre peut \u00eatre abattu en toute s\u00e9curit\u00e9. La s\u00e9curit\u00e9 est toujours primordiale dans des conditions contr\u00f4l\u00e9es.<\/p>\n\n\n\n<figure class=\"wp-block-pullquote has-medium-font-size\" style=\"border-style:none;border-width:0px;border-top-left-radius:0px;border-top-right-radius:0px;border-bottom-left-radius:0px;border-bottom-right-radius:0px\"><blockquote><p><strong>URGENCE<\/strong><\/p><cite><strong>Intervention d&rsquo;urgence 24h\/24 en cas de temp\u00eate<\/strong><br><strong>Wildwood <\/strong>propose un service d&rsquo;intervention <strong>24 heures sur 24, 7 jours sur 7<\/strong>.<br>Quelle que soit l&rsquo;heure du jour ou de la nuit, ou les conditions m\u00e9t\u00e9orologiques, vous pouvez <a href=\"tel:+33783062139\">appeler <strong>Wildwood<\/strong><\/a>.<\/cite><\/blockquote><\/figure>\n\n\n\n<h2 class=\"wp-block-heading\">TAILLE DE HAIES ET GESTION DES FOR\u00caTS.<\/h2>\n\n\n\n<ul class=\"wp-block-list\">\n<li><strong><em>Taille de haies traditionnelle<\/em> <\/strong>&#8211; C&rsquo;est l&rsquo;art de transformer une haie envahissante et n\u00e9glig\u00e9e en une belle cl\u00f4ture verte, vivante et naturelle. Elle sert de d\u00e9limitation s\u00e9curis\u00e9e ou de brise-vue. Ce proc\u00e9d\u00e9 offre \u00e9galement un superbe habitat aux oiseaux du jardin et \u00e0 la faune sauvage. Une fois r\u00e9alis\u00e9e, elle s&#8217;embellit avec le temps et s&rsquo;enrichit pour accueillir une faune vari\u00e9e.<\/li>\n\n\n\n<li><strong><em>Gestion des f\u00f4rets<\/em><\/strong> &#8211; Nous conseillons les propri\u00e9taires de for\u00eats sur l&rsquo;entretien et la gestion de leurs for\u00eats. Nous identifions d&rsquo;abord avec le propri\u00e9taire ce qu&rsquo;il attend de sa for\u00eat. Nous \u00e9laborons ensuite un programme sp\u00e9cifique pour g\u00e9rer, entretenir et am\u00e9liorer la for\u00eat, voire m\u00eame planter une nouvelle for\u00eat. Avec une planification et une gestion minutieuses, une m\u00eame for\u00eat peut remplir de nombreuses fonctions diff\u00e9rentes. La for\u00eat peut \u00eatre g\u00e9r\u00e9e \u00e0 la fois comme une r\u00e9serve naturelle et comme une source de bois pour la construction et le bois de chauffage. Le bois peut \u00eatre r\u00e9colt\u00e9 de mani\u00e8re s\u00e9lective pour un usage personnel et\/ou pour la vente. Quelle que soit la destination d&rsquo;une for\u00eat, tous les travaux sont r\u00e9alis\u00e9s de mani\u00e8re \u00e0 maximiser le potentiel faunique. Des mesures sont prises pour accro\u00eetre et encourager la biodiversit\u00e9 par l&rsquo;enrichissement des habitats.<\/li>\n<\/ul>\n\n\n\n<h2 class=\"wp-block-heading\">STRUCTURES DE JARDIN, MEUBLES ET SCULPTURES<\/h2>\n\n\n\n<ul class=\"wp-block-list\">\n<li><strong><em>Structures de jardin<\/em><\/strong> &#8211;&nbsp; par exemple, une tonnelle ou un \u00e9cran d\u00e9coratif, qui peut \u00e9galement servir de cadre pour les plantes grimpantes.<\/li>\n\n\n\n<li><strong><em>Mobilier de jardin<\/em><\/strong> &#8211; Des bancs, tables et chaises sp\u00e9cialement con\u00e7us et construits pour \u00eatre utilis\u00e9s et conserv\u00e9s \u00e0 l&rsquo;ext\u00e9rieur.<\/li>\n\n\n\n<li><strong><em>Sculptures<\/em> <\/strong>&#8211; Il existe une grande vari\u00e9t\u00e9 de styles. <br>Les sculptures peuvent \u00eatre figuratives ou organiques et fluides.<br>Tout est fait \u00e0 la main et adapt\u00e9 au site. Adapt\u00e9 \u00e0 chaque jardin, j&rsquo;utilise uniquement des mat\u00e9riaux naturels, des arbres et des plantes. Les mati\u00e8res premi\u00e8res sont r\u00e9colt\u00e9es, dans la mesure du possible, localement ou dans les environs. La m\u00e9thode de construction allie des techniques traditionnelles (britanniques) de menuiserie \u00e9cologique, de taille de haies et de taillis.<\/li>\n<\/ul>\n\n\n\n<p><\/p>\n","protected":false},"excerpt":{"rendered":"<p>WILDWOOD fournit tous les aspects du travail arboricole moderne, ex\u00e9cut\u00e9 de mani\u00e8re experte et professionnelle, avec le plus grand engagement envers la qualit\u00e9 du travail et la s\u00e9curit\u00e9. Wildwood a plus de 25 ans d&rsquo;exp\u00e9rience professionnelle dans l&rsquo;industrie. Au fil&hellip; <\/p>\n","protected":false},"author":1,"featured_media":0,"parent":0,"menu_order":0,"comment_status":"closed","ping_status":"closed","template":"","meta":{"footnotes":""},"class_list":["post-15","page","type-page","status-publish","hentry"],"_links":{"self":[{"href":"https:\/\/www.wildwoodtreecare.com\/fr\/wp-json\/wp\/v2\/pages\/15","targetHints":{"allow":["GET"]}}],"collection":[{"href":"https:\/\/www.wildwoodtreecare.com\/fr\/wp-json\/wp\/v2\/pages"}],"about":[{"href":"https:\/\/www.wildwoodtreecare.com\/fr\/wp-json\/wp\/v2\/types\/page"}],"author":[{"embeddable":true,"href":"https:\/\/www.wildwoodtreecare.com\/fr\/wp-json\/wp\/v2\/users\/1"}],"replies":[{"embeddable":true,"href":"https:\/\/www.wildwoodtreecare.com\/fr\/wp-json\/wp\/v2\/comments?post=15"}],"version-history":[{"count":3,"href":"https:\/\/www.wildwoodtreecare.com\/fr\/wp-json\/wp\/v2\/pages\/15\/revisions"}],"predecessor-version":[{"id":1285,"href":"https:\/\/www.wildwoodtreecare.com\/fr\/wp-json\/wp\/v2\/pages\/15\/revisions\/1285"}],"wp:attachment":[{"href":"https:\/\/www.wildwoodtreecare.com\/fr\/wp-json\/wp\/v2\/media?parent=15"}],"curies":[{"name":"wp","href":"https:\/\/api.w.org\/{rel}","templated":true}]}}