{"id":165,"date":"2018-05-19T15:45:54","date_gmt":"2018-05-19T14:45:54","guid":{"rendered":"http:\/\/trundholm.org\/silvanus\/?page_id=165"},"modified":"2025-12-21T18:01:54","modified_gmt":"2025-12-21T17:01:54","slug":"about","status":"publish","type":"page","link":"https:\/\/www.wildwoodtreecare.com\/fr\/about\/","title":{"rendered":"A propos"},"content":{"rendered":"\n<p>D\u00e8s mon plus jeune \u00e2ge, j&rsquo;ai d\u00e9velopp\u00e9 un amour pour la nature et le plein air. Ma fascination pour le monde naturel s&rsquo;est transform\u00e9e en une passion pour l&rsquo;\u00e9tude de la faune sauvage. Mes explorations en histoire naturelle m&rsquo;ont amen\u00e9 \u00e0 grimper aux arbres et aux falaises maritimes autour de chez moi, dans l&rsquo;East Sussex. L&rsquo;escalade de grands arbres et de falaises maritimes s&rsquo;est ensuite transform\u00e9e en un v\u00e9ritable hobby, l&rsquo;escalade.<\/p>\n\n\n\n<p>Dans ma vie professionnelle, cela m&rsquo;a conduit \u00e0 choisir une carri\u00e8re o\u00f9 je pouvais travailler en ext\u00e9rieur avec la nature et les arbres; un parcours qui m&rsquo;a finalement conduit \u00e0 devenir arboriste professionnel.<\/p>\n\n\n\n<p>J&rsquo;ai commenc\u00e9 \u00e0 travailler dans la foresterie pour l&rsquo;extraction du bois, puis dans la gestion des for\u00eats pour la conservation de la nature. J&rsquo;ai ensuite travaill\u00e9 pour une entreprise d&rsquo;arboriculture \u00e0 Londres, combinant mes comp\u00e9tences en foresterie et en escalade. J&rsquo;ai ensuite suivi des \u00e9tudes d&rsquo;arboriculture et obtenu mon dipl\u00f4me d&rsquo;arboriste au \u00ab Merrist Wood College \u00bb, sp\u00e9cialis\u00e9 dans les industries terrestres, dans le Surrey.<\/p>\n\n\n\n<p>J&rsquo;ai travaill\u00e9 pour plusieurs entreprises du sud-est afin d&rsquo;acqu\u00e9rir de l&rsquo;exp\u00e9rience, avant de r\u00e9aliser rapidement que je voulais vraiment travailler \u00e0 mon compte. J&rsquo;ai cr\u00e9\u00e9 ma propre entreprise et d\u00e9velopp\u00e9 ma client\u00e8le, couvrant alors une zone allant du Grand Londres \u00e0 l&rsquo;East Sussex et au West Kent.<\/p>\n\n\n\n<p>Depuis, j&rsquo;ai approfondi mes comp\u00e9tences en \u00e9tudiant et en suivant une formation professionnelle en pose de haies traditionnelles et en menuiserie verte, ou plus pr\u00e9cis\u00e9ment en \u00ab\u00a0l&rsquo;art du bodging\u00a0\u00bb. Je me tiens constamment inform\u00e9 des nouvelles id\u00e9es, techniques et \u00e9quipements du secteur de l&rsquo;arbre.<\/p>\n\n\n\n<p>Je vis et travaille d\u00e9sormais dans le sud-ouest de la France. Bas\u00e9e \u00e0 Limogne-en-Quercy, dans le Lot, <strong>Wildwood <\/strong>couvre un vaste territoire comprenant les d\u00e9partements du Lot (46), de l&rsquo;Aveyron (12), du Tarn-et-Garonne (82), du Tarn (81) et de la Haute-Garonne (31).<br>Je peux \u00e9galement me d\u00e9placer plus loin pour des travaux d&rsquo;arbres de grande envergure.<\/p>\n\n\n\n<p><\/p>\n","protected":false},"excerpt":{"rendered":"<p>D\u00e8s mon plus jeune \u00e2ge, j&rsquo;ai d\u00e9velopp\u00e9 un amour pour la nature et le plein air. Ma fascination pour le monde naturel s&rsquo;est transform\u00e9e en une passion pour l&rsquo;\u00e9tude de la faune sauvage. Mes explorations en histoire naturelle m&rsquo;ont amen\u00e9&hellip; <\/p>\n","protected":false},"author":2,"featured_media":0,"parent":0,"menu_order":0,"comment_status":"closed","ping_status":"closed","template":"","meta":{"footnotes":""},"class_list":["post-165","page","type-page","status-publish","hentry"],"_links":{"self":[{"href":"https:\/\/www.wildwoodtreecare.com\/fr\/wp-json\/wp\/v2\/pages\/165","targetHints":{"allow":["GET"]}}],"collection":[{"href":"https:\/\/www.wildwoodtreecare.com\/fr\/wp-json\/wp\/v2\/pages"}],"about":[{"href":"https:\/\/www.wildwoodtreecare.com\/fr\/wp-json\/wp\/v2\/types\/page"}],"author":[{"embeddable":true,"href":"https:\/\/www.wildwoodtreecare.com\/fr\/wp-json\/wp\/v2\/users\/2"}],"replies":[{"embeddable":true,"href":"https:\/\/www.wildwoodtreecare.com\/fr\/wp-json\/wp\/v2\/comments?post=165"}],"version-history":[{"count":2,"href":"https:\/\/www.wildwoodtreecare.com\/fr\/wp-json\/wp\/v2\/pages\/165\/revisions"}],"predecessor-version":[{"id":1281,"href":"https:\/\/www.wildwoodtreecare.com\/fr\/wp-json\/wp\/v2\/pages\/165\/revisions\/1281"}],"wp:attachment":[{"href":"https:\/\/www.wildwoodtreecare.com\/fr\/wp-json\/wp\/v2\/media?parent=165"}],"curies":[{"name":"wp","href":"https:\/\/api.w.org\/{rel}","templated":true}]}}