{"id":20,"date":"2018-04-17T10:04:33","date_gmt":"2018-04-17T09:04:33","guid":{"rendered":"http:\/\/trundholm.org\/silvanus\/?page_id=20"},"modified":"2025-06-28T14:25:53","modified_gmt":"2025-06-28T12:25:53","slug":"contact","status":"publish","type":"page","link":"https:\/\/www.wildwoodtreecare.com\/fr\/contact\/","title":{"rendered":"Contact"},"content":{"rendered":"\n<p><strong>Wildwood<\/strong> est bas\u00e9 dans le Lot, dans le sud-ouest de la France. Je couvre un vaste territoire comprenant les d\u00e9partements suivants&nbsp;:<br>46: Lot<br>12: Aveyron<br>82: Tarn-et-Garonne<br>81: Tarn<br>24: Dordogne<br>47: Lot-et-Garonne<br>31: Haute-Garonne<br><strong>A NOTER : Je peux me d\u00e9placer plus loin pour les travaux sur les grands arbres.<\/strong><\/p>\n\n\n\n<h2 class=\"wp-block-heading\"><strong>TRAVAUX D&rsquo;URGENCE SUR LES ARBRES<\/strong><\/h2>\n\n\n\n<p><strong>Temp\u00eate 24 h\/24 &#8211; Service d&rsquo;intervention d&rsquo;urgence.<\/strong><br><strong>Wildwood <\/strong>propose un service d&rsquo;intervention <strong>24 heures sur 24, 7 jours sur 7<\/strong>.<br>Quelle que soit l&rsquo;heure du jour ou de la nuit, ou la m\u00e9t\u00e9o, appelez <strong>Wildwood<\/strong>.<\/p>\n\n\n\n<div class=\"wp-block-group has-background has-medium-font-size\" style=\"background-color:#00d1841c\"><div class=\"wp-block-group__inner-container is-layout-constrained wp-block-group-is-layout-constrained\">\n<p>Pour un devis gratuit et des conseils gratuits sur vos arbres contactez :<\/p>\n\n\n\n<p>Mobile :&nbsp;&nbsp;<a href=\"tel:+33783062139\">(+33) 07.83.06.21.39<\/a><\/p>\n\n\n\n<p class=\"has-medium-font-size\">Email : <a href=\"mailto:jason.catchpole@wildwoodtreecare.com\">jason.catchpole@wildwoodtreecare.com<\/a><\/p>\n<\/div><\/div>\n\n\n\n<p>Pour un devis gratuit et des conseils gratuits sur vos arbres contactez :<\/p>\n\n\n\n<p>Mobile :&nbsp;&nbsp;<a href=\"tel:+33783062139\">(+33) 07.83.06.21.39<\/a><\/p>\n\n\n\n<p><em>Veuillez noter que le t\u00e9l\u00e9phone est un num\u00e9ro fran\u00e7ais, donc si vous appelez depuis un t\u00e9l\u00e9phone britannique, vous devez d&rsquo;abord entrer l&rsquo;indicatif international pour la France : +33<\/em><\/p>\n\n\n\n<p>Email : <a href=\"mailto:jason.catchpole@wildwoodtreecare.com\">jason.catchpole@wildwoodtreecare.com<\/a><\/p>\n\n\n\n<figure class=\"wp-block-image size-full\"><img loading=\"lazy\" decoding=\"async\" width=\"320\" height=\"320\" src=\"https:\/\/www.wildwoodtreecare.com\/wp-content\/uploads\/2025\/06\/qr-R8Fo33.png\" alt=\"\" class=\"wp-image-1272\" srcset=\"https:\/\/www.wildwoodtreecare.com\/wp-content\/uploads\/2025\/06\/qr-R8Fo33.png 320w, https:\/\/www.wildwoodtreecare.com\/wp-content\/uploads\/2025\/06\/qr-R8Fo33-300x300.png 300w, https:\/\/www.wildwoodtreecare.com\/wp-content\/uploads\/2025\/06\/qr-R8Fo33-150x150.png 150w, https:\/\/www.wildwoodtreecare.com\/wp-content\/uploads\/2025\/06\/qr-R8Fo33-100x100.png 100w\" sizes=\"auto, (max-width: 320px) 100vw, 320px\" \/><\/figure>\n","protected":false},"excerpt":{"rendered":"<p>Wildwood est bas\u00e9 dans le Lot, dans le sud-ouest de la France. Je couvre un vaste territoire comprenant les d\u00e9partements suivants&nbsp;:46: Lot12: Aveyron82: Tarn-et-Garonne81: Tarn24: Dordogne47: Lot-et-Garonne31: Haute-GaronneA NOTER : Je peux me d\u00e9placer plus loin pour les travaux sur&hellip; <\/p>\n","protected":false},"author":1,"featured_media":0,"parent":0,"menu_order":0,"comment_status":"closed","ping_status":"closed","template":"","meta":{"footnotes":""},"class_list":["post-20","page","type-page","status-publish","hentry"],"_links":{"self":[{"href":"https:\/\/www.wildwoodtreecare.com\/fr\/wp-json\/wp\/v2\/pages\/20","targetHints":{"allow":["GET"]}}],"collection":[{"href":"https:\/\/www.wildwoodtreecare.com\/fr\/wp-json\/wp\/v2\/pages"}],"about":[{"href":"https:\/\/www.wildwoodtreecare.com\/fr\/wp-json\/wp\/v2\/types\/page"}],"author":[{"embeddable":true,"href":"https:\/\/www.wildwoodtreecare.com\/fr\/wp-json\/wp\/v2\/users\/1"}],"replies":[{"embeddable":true,"href":"https:\/\/www.wildwoodtreecare.com\/fr\/wp-json\/wp\/v2\/comments?post=20"}],"version-history":[{"count":3,"href":"https:\/\/www.wildwoodtreecare.com\/fr\/wp-json\/wp\/v2\/pages\/20\/revisions"}],"predecessor-version":[{"id":1276,"href":"https:\/\/www.wildwoodtreecare.com\/fr\/wp-json\/wp\/v2\/pages\/20\/revisions\/1276"}],"wp:attachment":[{"href":"https:\/\/www.wildwoodtreecare.com\/fr\/wp-json\/wp\/v2\/media?parent=20"}],"curies":[{"name":"wp","href":"https:\/\/api.w.org\/{rel}","templated":true}]}}